{"id":545,"date":"2018-06-13T18:11:26","date_gmt":"2018-06-13T16:11:26","guid":{"rendered":"http:\/\/winterlut.com\/?page_id=545"},"modified":"2018-06-13T18:11:26","modified_gmt":"2018-06-13T16:11:26","slug":"charte","status":"publish","type":"page","link":"https:\/\/winterlut.com\/index.php\/decouvrir\/charte\/","title":{"rendered":"Charte des bals"},"content":{"rendered":"\n<p>Winterl\u00fct adh\u00e8re \u00e0<\/p>\n\n\n\n<figure class=\"wp-block-image size-large\"><img decoding=\"async\" src=\"https:\/\/winterlut.com\/wp-content\/uploads\/2022\/10\/la-charte-des-bals-sauvage-head-1-1024x239.png\" alt=\"\" class=\"wp-image-2275\"\/><\/figure>\n\n\n\n<h2 class=\"wp-block-heading\">Les bals sauvages ont pour vocation d\u2019\u00eatre des \u00e9v\u00e8nements autog\u00e9r\u00e9s&nbsp; et accueillants. Les comportements sexistes, racistes, homophobes,&nbsp; transphobes, grossophobes, validistes et oppressifs de toutes sortes&nbsp; n&rsquo;y sont pas tol\u00e9r\u00e9s.&nbsp;<\/h2>\n\n\n\n<p>\u25c6 Le consentement, c\u2019est la base ! On doit pouvoir s\u2019assurer que ses partenaires sont d\u2019ac cord avec ce que l\u2019on propose. L\u2019absence de refus n\u2019est pas forc\u00e9ment un consentement !&nbsp;<\/p>\n\n\n\n<p>\u25c6 \u00catre \u00e0 l\u2019\u00e9coute de ses partenaires : danser rapidement, \u00eatre proche, faire beaucoup&nbsp; tourner, etc. peut ne pas \u00eatre appr\u00e9ci\u00e9 par tout le monde.&nbsp;<\/p>\n\n\n\n<p>\u25c6 Votre partenaire semble g\u00ean\u00e9.e ? Pourquoi ne pas lui en parler ?&nbsp;<\/p>\n\n\n\n<p>\u25c6 Tout le monde a le droit de dire <em>non <\/em>\u00e0 tout moment, m\u00eame au milieu d\u2019une danse !&nbsp;<\/p>\n\n\n\n<p>\u25c6 Tout le monde peut danser avec tout le monde. Les r\u00f4les traditionnels de guide\/guid\u00e9s&nbsp; ne sont pas obligatoirement assign\u00e9s \u00e0 des genres d\u00e9finis.&nbsp;<\/p>\n\n\n\n<p>\u25c6 Quand on explique les danses en public, on essaie d\u2019utiliser un vocabulaire d\u00e9genr\u00e9&nbsp; pour n\u2019exclure personne. Par exemple, au lieu de <em>fille\/gar\u00e7on<\/em>, on peut dire <em>guide\/guid\u00e9<\/em>,&nbsp; <em>leader\/follower<\/em>, <em>de ersht \/ de zweit <\/em>, <em>carotte\/radis<\/em>\u2026 bref, soyez cr\u00e9atif !&nbsp;<\/p>\n\n\n\n<p>\u25c6 Quand il manque quelqu\u2019un pour une danse o\u00f9 il faut un nombre pair, on peut simplement signaler qu\u2019il manque une personne, sans pr\u00e9ciser <em>une fille<\/em>\u00a0ou\u00a0<em>un gar\u00e7on<\/em>.\u00a0<\/p>\n\n\n\n<p>\u25c6 Quelque soit votre vice (chocolat, pastis, ou canabis), restez ma\u00eetre de vous-m\u00eame !&nbsp;<\/p>\n\n\n\n<p>\u25c6 Enfin, le bal ne s\u2019arr\u00eate pas aux danses, n\u2019h\u00e9sitez pas \u00e0 appliquer la charte&nbsp; dans vos relations priv\u00e9es !&nbsp;<\/p>\n\n\n\n<p>Besoin de parler d&rsquo;un probl\u00e8me rencontr\u00e9 en bal ?<br>Demandez Germaine au bar, elle vous \u00e9coutera d&rsquo;une oreille attentive.<br><\/p>\n\n\n\n<p class=\"has-text-align-center has-large-font-size\"><strong>Bon Bal<\/strong><\/p>\n\n\n\n<figure class=\"wp-block-image size-large\"><img decoding=\"async\" src=\"https:\/\/winterlut.com\/wp-content\/uploads\/2022\/10\/la-charte-des-bals-sauvage-foot-1024x173.png\" alt=\"\" class=\"wp-image-2273\"\/><\/figure>\n","protected":false},"excerpt":{"rendered":"<p>Winterl\u00fct adh\u00e8re \u00e0 Les bals sauvages ont pour vocation d\u2019\u00eatre des \u00e9v\u00e8nements autog\u00e9r\u00e9s&nbsp; et accueillants. Les comportements sexistes, racistes, homophobes,&nbsp; transphobes, grossophobes, validistes et oppressifs de toutes sortes&nbsp; n&rsquo;y sont pas tol\u00e9r\u00e9s.&nbsp; \u25c6 Le consentement, c\u2019est la base ! On doit pouvoir s\u2019assurer que ses partenaires sont d\u2019ac cord avec ce que l\u2019on propose. L\u2019absence &#8230; <a title=\"Charte des bals\" class=\"read-more\" href=\"https:\/\/winterlut.com\/index.php\/decouvrir\/charte\/\" aria-label=\"En savoir plus sur Charte des bals\">Lire la suite<\/a><\/p>\n","protected":false},"author":1,"featured_media":0,"parent":252,"menu_order":0,"comment_status":"closed","ping_status":"closed","template":"","meta":{"footnotes":""},"class_list":["post-545","page","type-page","status-publish"],"_links":{"self":[{"href":"https:\/\/winterlut.com\/index.php\/wp-json\/wp\/v2\/pages\/545","targetHints":{"allow":["GET"]}}],"collection":[{"href":"https:\/\/winterlut.com\/index.php\/wp-json\/wp\/v2\/pages"}],"about":[{"href":"https:\/\/winterlut.com\/index.php\/wp-json\/wp\/v2\/types\/page"}],"author":[{"embeddable":true,"href":"https:\/\/winterlut.com\/index.php\/wp-json\/wp\/v2\/users\/1"}],"replies":[{"embeddable":true,"href":"https:\/\/winterlut.com\/index.php\/wp-json\/wp\/v2\/comments?post=545"}],"version-history":[{"count":0,"href":"https:\/\/winterlut.com\/index.php\/wp-json\/wp\/v2\/pages\/545\/revisions"}],"up":[{"embeddable":true,"href":"https:\/\/winterlut.com\/index.php\/wp-json\/wp\/v2\/pages\/252"}],"wp:attachment":[{"href":"https:\/\/winterlut.com\/index.php\/wp-json\/wp\/v2\/media?parent=545"}],"curies":[{"name":"wp","href":"https:\/\/api.w.org\/{rel}","templated":true}]}}