{"id":47,"date":"2018-05-04T13:47:07","date_gmt":"2018-05-04T11:47:07","guid":{"rendered":"http:\/\/winterlut.com\/?page_id=47"},"modified":"2018-05-04T13:47:07","modified_gmt":"2018-05-04T11:47:07","slug":"cest-quoi-le-folk","status":"publish","type":"page","link":"https:\/\/winterlut.com\/index.php\/cest-quoi-le-folk\/","title":{"rendered":"C&rsquo;est quoi le folk ?"},"content":{"rendered":"<p><img loading=\"lazy\" decoding=\"async\" class=\"alignnone size-full wp-image-960\" src=\"https:\/\/winterlut.com\/wp-content\/uploads\/2019\/06\/diaporama.jpg\" alt=\"\" width=\"1842\" height=\"435\" \/><\/p>\n<h3><strong>Un bal folk est un \u00e9v\u00e9nement o\u00f9 musiciens et danseurs \u00e9voluent sur des musiques<\/strong><br \/>\n<strong>et des danses d\u2019origines et de structures traditionnelles ou anciennes.<\/strong><\/h3>\n<p>On y danse, sans spectacle ni costume folklorique, sur des musiques arrang\u00e9es et revitalis\u00e9es selon des influences diverses. Les participants, curieux, novices et habitu\u00e9s, viennent d\u2019horizons divers pour partager un moment de joie hors du temps et hors rapports sociaux. Une ambiance tonique et chaleureuse invite \u00e0 bouger et \u00e0 se rencontrer.<\/p>\n<p>Les musiciens interpr\u00e8tent des m\u00e9lodies, fa\u00e7onn\u00e9es au fil du temps par la pratique, par enrichissements et \u00e9volution continue et expriment des accents des plus traditionnels aux plus actuels. Il n\u2019y pas d\u2019instrument sp\u00e9cifique au bal folk. On peut y trouver des instruments traditionnels, violon, accord\u00e9on diatonique, cornemuse, vielle \u00e0 roue, fl\u00fbte,\u2026 et de nombreux instruments plus \u00ab\u00a0modernes\u00a0\u00bb, guitare \u00e9lectrique, batterie\u2026<\/p>\n<p>Les danses d\u2019origine traditionnelle proviennent de diff\u00e9rentes r\u00e9gions et milieux fran\u00e7ais (Bretagne, Auvergne, Alsace\u2026.) et de divers pays d\u2019Europe, parfois au-del\u00e0 (Am\u00e9rique du Nord, \u2026). Les formes sont vari\u00e9es : en couple, en cha\u00eene, en cort\u00e8ge, en lignes, en rond, en quadrette\u2026 Elles peuvent dater du moyen \u00e2ge (branle) ou \u00eatre plus actuelles (chapelloise). Danseuses et danseurs \u00e9voluent ensemble, quel que soit leur niveau, de mani\u00e8re tr\u00e8s conviviale et spontan\u00e9e.<\/p>\n<p>Aujourd\u2019hui les bals folks sont organis\u00e9s r\u00e9guli\u00e8rement partout en France par des associations folk, des centres culturels, ou prennent place lors de rencontres et festivals de musique folk, musiques du monde ou parfois dites \u00ab\u00a0celtiques\u00a0\u00bb\u2026<br \/>\nAfin de permettre aux novices de danser, une initiation aux danses a parfois lieu avant le bal.<br \/>\nFr\u00e9quemment, un animateur explique et coordonne les danses au cours du bal.<\/p>\n<p><em>\u00a0&#8211; article d\u2019<\/em><a href=\"http:\/\/www.accrofolk.net\/index.php\/quest-ce-que-le-folk\/mouvement-folk\/165-quest-ce-quun-bal-folk-aujourdhui\" target=\"_blank\" rel=\"noopener\"><em>Accrofolk<\/em><\/a><em>\u00a0&#8211; <\/em><\/p>\n<p><img loading=\"lazy\" decoding=\"async\" class=\"alignnone wp-image-298 size-full\" src=\"https:\/\/winterlut.com\/wp-content\/uploads\/2018\/05\/IMG_4711a.jpg\" alt=\"\" width=\"1000\" height=\"667\" \/><\/p>\n<p><img loading=\"lazy\" decoding=\"async\" class=\"alignnone size-full wp-image-299\" src=\"https:\/\/winterlut.com\/wp-content\/uploads\/2018\/05\/IMG_4713a.jpg\" alt=\"\" width=\"1000\" height=\"667\" \/><\/p>\n<p>&nbsp;<\/p>\n<p>La\u00e9titia Carton en fait aussi une chouette description dans le teaser de son film <em>Le Grand Bal.<\/em><\/p>\n<p><iframe loading=\"lazy\" src=\"https:\/\/www.youtube.com\/embed\/ZzDSRCGOwRI\" width=\"560\" height=\"315\" frameborder=\"0\" allowfullscreen=\"allowfullscreen\"><\/iframe><\/p>\n<p>&nbsp;<\/p>\n<p>&nbsp;<\/p>\n<p>&nbsp;<\/p>\n","protected":false},"excerpt":{"rendered":"<p>Un bal folk est un \u00e9v\u00e9nement o\u00f9 musiciens et danseurs \u00e9voluent sur des musiques et des danses d\u2019origines et de structures traditionnelles ou anciennes. On y danse, sans spectacle ni costume folklorique, sur des musiques arrang\u00e9es et revitalis\u00e9es selon des influences diverses. Les participants, curieux, novices et habitu\u00e9s, viennent d\u2019horizons divers pour partager un moment &#8230; <a title=\"C&rsquo;est quoi le folk ?\" class=\"read-more\" href=\"https:\/\/winterlut.com\/index.php\/cest-quoi-le-folk\/\" aria-label=\"En savoir plus sur C&rsquo;est quoi le folk ?\">Lire la suite<\/a><\/p>\n","protected":false},"author":1,"featured_media":0,"parent":0,"menu_order":0,"comment_status":"closed","ping_status":"closed","template":"","meta":{"footnotes":""},"class_list":["post-47","page","type-page","status-publish"],"_links":{"self":[{"href":"https:\/\/winterlut.com\/index.php\/wp-json\/wp\/v2\/pages\/47","targetHints":{"allow":["GET"]}}],"collection":[{"href":"https:\/\/winterlut.com\/index.php\/wp-json\/wp\/v2\/pages"}],"about":[{"href":"https:\/\/winterlut.com\/index.php\/wp-json\/wp\/v2\/types\/page"}],"author":[{"embeddable":true,"href":"https:\/\/winterlut.com\/index.php\/wp-json\/wp\/v2\/users\/1"}],"replies":[{"embeddable":true,"href":"https:\/\/winterlut.com\/index.php\/wp-json\/wp\/v2\/comments?post=47"}],"version-history":[{"count":0,"href":"https:\/\/winterlut.com\/index.php\/wp-json\/wp\/v2\/pages\/47\/revisions"}],"wp:attachment":[{"href":"https:\/\/winterlut.com\/index.php\/wp-json\/wp\/v2\/media?parent=47"}],"curies":[{"name":"wp","href":"https:\/\/api.w.org\/{rel}","templated":true}]}}