{"id":2591,"date":"2023-03-27T23:28:07","date_gmt":"2023-03-27T21:28:07","guid":{"rendered":"https:\/\/winterlut.com\/?page_id=2591"},"modified":"2023-03-27T23:28:07","modified_gmt":"2023-03-27T21:28:07","slug":"inscrire-son-groupe","status":"publish","type":"page","link":"https:\/\/winterlut.com\/index.php\/inscrire-son-groupe\/","title":{"rendered":"Proposer son groupe"},"content":{"rendered":"\n<p>Pour Winterl\u00fct 5 nous privil\u00e9gions des groupes qui ont:<\/p>\n\n\n\n<ul class=\"wp-block-list\">\n<li>Un r\u00e9pertoire localis\u00e9 de Su\u00e8de, du Berry ou du Dauphin\u00e9<\/li>\n\n\n\n<li>Une line-up majoritairement f\u00e9minine \/ trans \/ non binaire<\/li>\n\n\n\n<li>Du chant<\/li>\n\n\n\n<li>Des stages de danse, de chant et de musique (musique d&rsquo;ensemble\/improvisation\/r\u00e9pertoire\/&#8230;).<\/li>\n<\/ul>\n\n\n\n<iframe loading=\"lazy\" src=\"https:\/\/docs.google.com\/forms\/d\/e\/1FAIpQLScRXLzDuHzD91A6rQZtE4vMiZSHDdJL5-Jur7YWDZX5gdlp9A\/viewform?embedded=true\" width=\"700\" height=\"1300\" frameborder=\"0\" marginheight=\"0\" marginwidth=\"0\">Chargement\u2026<\/iframe>\n","protected":false},"excerpt":{"rendered":"<p>Pour Winterl\u00fct 5 nous privil\u00e9gions des groupes qui ont: Chargement\u2026<\/p>\n","protected":false},"author":3,"featured_media":0,"parent":0,"menu_order":0,"comment_status":"closed","ping_status":"closed","template":"","meta":{"footnotes":""},"class_list":["post-2591","page","type-page","status-publish"],"_links":{"self":[{"href":"https:\/\/winterlut.com\/index.php\/wp-json\/wp\/v2\/pages\/2591","targetHints":{"allow":["GET"]}}],"collection":[{"href":"https:\/\/winterlut.com\/index.php\/wp-json\/wp\/v2\/pages"}],"about":[{"href":"https:\/\/winterlut.com\/index.php\/wp-json\/wp\/v2\/types\/page"}],"author":[{"embeddable":true,"href":"https:\/\/winterlut.com\/index.php\/wp-json\/wp\/v2\/users\/3"}],"replies":[{"embeddable":true,"href":"https:\/\/winterlut.com\/index.php\/wp-json\/wp\/v2\/comments?post=2591"}],"version-history":[{"count":0,"href":"https:\/\/winterlut.com\/index.php\/wp-json\/wp\/v2\/pages\/2591\/revisions"}],"wp:attachment":[{"href":"https:\/\/winterlut.com\/index.php\/wp-json\/wp\/v2\/media?parent=2591"}],"curies":[{"name":"wp","href":"https:\/\/api.w.org\/{rel}","templated":true}]}}