{"id":25,"date":"2018-05-04T13:36:01","date_gmt":"2018-05-04T11:36:01","guid":{"rendered":"http:\/\/winterlut.com\/?page_id=25"},"modified":"2025-11-13T00:37:16","modified_gmt":"2025-11-13T00:37:16","slug":"accueil","status":"publish","type":"page","link":"https:\/\/winterlut.com\/","title":{"rendered":""},"content":{"rendered":"\n<p>On est en train de mettre \u00e0 niveau le site donc pour l&rsquo;instant tout est cass\u00e9, pas d&rsquo;inqui\u00e9tude on est sur le coups.<br><br>Pour le moment, nous avons besoin d&rsquo;un peut de repos et de r\u00e9organisation logistique donc pause pour le festival !<\/p>\n\n\n\n<p>En attendant, vous pouvez suivre les \u00e9ventuelles infos sur notre page facebook \ud83d\ude42<\/p>\n\n\n\n<p>Comment \u00eatre dans l&rsquo;action et la projection :<br>&#8211; Vous inscrire \u00e0 la newsletter sur le site, pour \u00eatre tenu.e.s au courant des nouvelles:&nbsp;<a href=\"https:\/\/winterlut.com\/contact\/?fbclid=IwAR3yp-PLE-3BAwqiLqBBmemhMZWBs51d8PsfZdvIpUcMaoic0hFoO02_vyI\" target=\"_blank\" rel=\"noreferrer noopener\">https:\/\/winterlut.com\/contact\/<\/a><br>&#8211; Si vous passez \u00e0 Strasbourg et souhaitez \u00eatre au courant des bals dans le coin:&nbsp;<a href=\"https:\/\/www.facebook.com\/groups\/123381200966\/?__tn__=-UK*F\">https:\/\/www.facebook.com\/groups\/123381200966<\/a><br>&#8211; Vous voulez vous engager et devenir responsable et\/ou b\u00e9n\u00e9vole pour la prochaine \u00e9dition: remplissez ce formulaire  -&gt;&nbsp;<a href=\"https:\/\/winterlut.com\/devenir-benevole\/?fbclid=IwAR0n7FDANtsHwNV8htY2VI6k2vU6pFKuenNDsgvU6QQkHmmGFcSMFg-G0q0\" target=\"_blank\" rel=\"noreferrer noopener\">https:\/\/winterlut.com\/devenir-benevole\/<\/a><\/p>\n\n\n\n<p><\/p>\n","protected":false},"excerpt":{"rendered":"<p>On est en train de mettre \u00e0 niveau le site donc pour l&rsquo;instant tout est cass\u00e9, pas d&rsquo;inqui\u00e9tude on est sur le coups. Pour le moment, nous avons besoin d&rsquo;un peut de repos et de r\u00e9organisation logistique donc pause pour le festival ! En attendant, vous pouvez suivre les \u00e9ventuelles infos sur notre page facebook &#8230; <a title=\"\" class=\"read-more\" href=\"https:\/\/winterlut.com\/\" aria-label=\"En savoir plus sur \">Lire la suite<\/a><\/p>\n","protected":false},"author":1,"featured_media":0,"parent":0,"menu_order":0,"comment_status":"closed","ping_status":"closed","template":"","meta":{"footnotes":""},"class_list":["post-25","page","type-page","status-publish"],"_links":{"self":[{"href":"https:\/\/winterlut.com\/index.php\/wp-json\/wp\/v2\/pages\/25","targetHints":{"allow":["GET"]}}],"collection":[{"href":"https:\/\/winterlut.com\/index.php\/wp-json\/wp\/v2\/pages"}],"about":[{"href":"https:\/\/winterlut.com\/index.php\/wp-json\/wp\/v2\/types\/page"}],"author":[{"embeddable":true,"href":"https:\/\/winterlut.com\/index.php\/wp-json\/wp\/v2\/users\/1"}],"replies":[{"embeddable":true,"href":"https:\/\/winterlut.com\/index.php\/wp-json\/wp\/v2\/comments?post=25"}],"version-history":[{"count":4,"href":"https:\/\/winterlut.com\/index.php\/wp-json\/wp\/v2\/pages\/25\/revisions"}],"predecessor-version":[{"id":3199,"href":"https:\/\/winterlut.com\/index.php\/wp-json\/wp\/v2\/pages\/25\/revisions\/3199"}],"wp:attachment":[{"href":"https:\/\/winterlut.com\/index.php\/wp-json\/wp\/v2\/media?parent=25"}],"curies":[{"name":"wp","href":"https:\/\/api.w.org\/{rel}","templated":true}]}}