{"id":2115,"date":"2022-01-02T00:12:06","date_gmt":"2022-01-01T23:12:06","guid":{"rendered":"https:\/\/winterlut.com\/?page_id=2115"},"modified":"2022-01-02T00:12:06","modified_gmt":"2022-01-01T23:12:06","slug":"soutenir-winterlut","status":"publish","type":"page","link":"https:\/\/winterlut.com\/index.php\/soutenir-winterlut\/","title":{"rendered":"Soutenir Winterl\u00fct"},"content":{"rendered":"\n<p>Vous avez aim\u00e9 Winterl\u00fct, une autre activit\u00e9 que nous organisons ou vous \u00eates un.e aimable philanthrope ?<\/p>\n\n\n\n<p>Vous pouvez faire un don ici :<br><\/p>\n\n\n\n<iframe id=\"haWidget\" allowtransparency=\"true\" scrolling=\"auto\" src=\"https:\/\/www.helloasso.com\/associations\/toccata-et-folk\/formulaires\/1\/widget\" style=\"width:100%;height:750px;border:none;\" onload=\"window.scroll(0, this.offsetTop)\"><\/iframe>\n\n\n\n<p>Pour rappel, notre comit\u00e9 ne touche pas d\u2019aide financi\u00e8re de la part des collectivit\u00e9s et ne fonctionne qu\u2019avec l\u2019argent gagn\u00e9 gr\u00e2ce aux stages et bals, ainsi qu\u2019au travail b\u00e9n\u00e9vole et acharn\u00e9 d\u2019une poign\u00e9e de personnes.<\/p>\n\n\n\n<p>Vos dons finances l&rsquo;association Toccata et Folk,  pour l&rsquo;achat de mat\u00e9riel de sc\u00e8ne et pour les d\u00e9penses du festival.<\/p>\n","protected":false},"excerpt":{"rendered":"<p>Vous avez aim\u00e9 Winterl\u00fct, une autre activit\u00e9 que nous organisons ou vous \u00eates un.e aimable philanthrope ? Vous pouvez faire un don ici : Pour rappel, notre comit\u00e9 ne touche pas d\u2019aide financi\u00e8re de la part des collectivit\u00e9s et ne fonctionne qu\u2019avec l\u2019argent gagn\u00e9 gr\u00e2ce aux stages et bals, ainsi qu\u2019au travail b\u00e9n\u00e9vole et acharn\u00e9 &#8230; <a title=\"Soutenir Winterl\u00fct\" class=\"read-more\" href=\"https:\/\/winterlut.com\/index.php\/soutenir-winterlut\/\" aria-label=\"En savoir plus sur Soutenir Winterl\u00fct\">Lire la suite<\/a><\/p>\n","protected":false},"author":3,"featured_media":0,"parent":0,"menu_order":0,"comment_status":"closed","ping_status":"closed","template":"","meta":{"footnotes":""},"class_list":["post-2115","page","type-page","status-publish"],"_links":{"self":[{"href":"https:\/\/winterlut.com\/index.php\/wp-json\/wp\/v2\/pages\/2115","targetHints":{"allow":["GET"]}}],"collection":[{"href":"https:\/\/winterlut.com\/index.php\/wp-json\/wp\/v2\/pages"}],"about":[{"href":"https:\/\/winterlut.com\/index.php\/wp-json\/wp\/v2\/types\/page"}],"author":[{"embeddable":true,"href":"https:\/\/winterlut.com\/index.php\/wp-json\/wp\/v2\/users\/3"}],"replies":[{"embeddable":true,"href":"https:\/\/winterlut.com\/index.php\/wp-json\/wp\/v2\/comments?post=2115"}],"version-history":[{"count":0,"href":"https:\/\/winterlut.com\/index.php\/wp-json\/wp\/v2\/pages\/2115\/revisions"}],"wp:attachment":[{"href":"https:\/\/winterlut.com\/index.php\/wp-json\/wp\/v2\/media?parent=2115"}],"curies":[{"name":"wp","href":"https:\/\/api.w.org\/{rel}","templated":true}]}}