{"id":208,"date":"2018-05-23T22:00:22","date_gmt":"2018-05-23T20:00:22","guid":{"rendered":"http:\/\/winterlut.com\/?page_id=208"},"modified":"2018-05-23T22:00:22","modified_gmt":"2018-05-23T20:00:22","slug":"partenaires","status":"publish","type":"page","link":"https:\/\/winterlut.com\/index.php\/partenaires\/","title":{"rendered":"Partenaires"},"content":{"rendered":"<p><img loading=\"lazy\" decoding=\"async\" class=\"alignnone wp-image-502 \" src=\"https:\/\/winterlut.com\/wp-content\/uploads\/2018\/06\/BalsSauvages-LOGO-230x300.jpg\" alt=\"\" width=\"130\" height=\"169\" \/><br \/>Le festival Winterl\u00fct est organis\u00e9 par le collectif des Bals Sauvages de Strasbourg.<br \/>Plus d&rsquo;informations sur le blog <a href=\"http:\/\/balssauvages.blogspot.fr\/\">http:\/\/balssauvages.blogspot.fr<\/a><br \/>et sur la page facebook <a href=\"https:\/\/www.facebook.com\/groups\/123381200966\/\">www.facebook.com\/groups\/123381200966\/?ref=bookmarks<\/a><\/p>\n<p><img loading=\"lazy\" decoding=\"async\" class=\"alignnone wp-image-500 \" src=\"https:\/\/winterlut.com\/wp-content\/uploads\/2018\/06\/logo-Strasbourg-300x74.jpg\" alt=\"\" width=\"199\" height=\"49\" \/><br \/>La ville de Strasbourg met \u00e0 notre disposition la salle M. Marceau dans laquelle ont lieu les Grands Bals.<br \/><a href=\"https:\/\/www.strasbourg.eu\">www.strasbourg.eu<\/a><\/p>\n<p><img loading=\"lazy\" decoding=\"async\" class=\"alignnone wp-image-650\" src=\"https:\/\/winterlut.com\/wp-content\/uploads\/2018\/06\/Logo-Stu\u0308ck1a.jpg\" alt=\"\" width=\"94\" height=\"105\" \/><br \/>Tout au long du festival, vous pourrez r\u00e9gler vos achats en St\u00fcck,<br \/>monnaie compl\u00e9mentaire de l\u2019euro, locale et citoyenne.<br \/><a href=\"http:\/\/www.lestuck.eu\">www.lestuck.eu<\/a><\/p>\n<p><img loading=\"lazy\" decoding=\"async\" class=\"alignnone wp-image-797\" src=\"https:\/\/winterlut.com\/wp-content\/uploads\/2018\/11\/20799057_422377958163466_2531757866673505848_n.jpg\" alt=\"\" width=\"123\" height=\"123\" \/><br \/>Le logo du festival, l&rsquo;affiche et tous les supports de communication sont r\u00e9alis\u00e9s par l&rsquo;illustratrice Suzy Vergez.<br \/><a href=\"http:\/\/www.suzyvergez.com\">www.suzyvergez.com<\/a><\/p>\n\n\n<figure class=\"wp-block-video alignleft\">\n  <video autoplay controls loop width=\"200\" height=\"300\">\n    <source src=\"https:\/\/winterlut.com\/wp-content\/uploads\/2023\/02\/Winterlut2023-GIF-1.mp4\" type=\"video\/mp4\">\n    Votre navigateur ne prend pas en charge la balise vid\u00e9o.\n  <\/video>\n<\/figure>\n","protected":false},"excerpt":{"rendered":"<p>Le festival Winterl\u00fct est organis\u00e9 par le collectif des Bals Sauvages de Strasbourg.Plus d&rsquo;informations sur le blog http:\/\/balssauvages.blogspot.fret sur la page facebook www.facebook.com\/groups\/123381200966\/?ref=bookmarks La ville de Strasbourg met \u00e0 notre disposition la salle M. Marceau dans laquelle ont lieu les Grands Bals.www.strasbourg.eu Tout au long du festival, vous pourrez r\u00e9gler vos achats en St\u00fcck,monnaie compl\u00e9mentaire &#8230; <a title=\"Partenaires\" class=\"read-more\" href=\"https:\/\/winterlut.com\/index.php\/partenaires\/\" aria-label=\"En savoir plus sur Partenaires\">Lire la suite<\/a><\/p>\n","protected":false},"author":1,"featured_media":0,"parent":0,"menu_order":0,"comment_status":"closed","ping_status":"closed","template":"","meta":{"footnotes":""},"class_list":["post-208","page","type-page","status-publish"],"_links":{"self":[{"href":"https:\/\/winterlut.com\/index.php\/wp-json\/wp\/v2\/pages\/208","targetHints":{"allow":["GET"]}}],"collection":[{"href":"https:\/\/winterlut.com\/index.php\/wp-json\/wp\/v2\/pages"}],"about":[{"href":"https:\/\/winterlut.com\/index.php\/wp-json\/wp\/v2\/types\/page"}],"author":[{"embeddable":true,"href":"https:\/\/winterlut.com\/index.php\/wp-json\/wp\/v2\/users\/1"}],"replies":[{"embeddable":true,"href":"https:\/\/winterlut.com\/index.php\/wp-json\/wp\/v2\/comments?post=208"}],"version-history":[{"count":0,"href":"https:\/\/winterlut.com\/index.php\/wp-json\/wp\/v2\/pages\/208\/revisions"}],"wp:attachment":[{"href":"https:\/\/winterlut.com\/index.php\/wp-json\/wp\/v2\/media?parent=208"}],"curies":[{"name":"wp","href":"https:\/\/api.w.org\/{rel}","templated":true}]}}