{"id":1685,"date":"2020-09-29T22:00:24","date_gmt":"2020-09-29T20:00:24","guid":{"rendered":"https:\/\/winterlut.com\/?page_id=1685"},"modified":"2020-09-29T22:00:24","modified_gmt":"2020-09-29T20:00:24","slug":"aboutwinterlut","status":"publish","type":"page","link":"https:\/\/winterlut.com\/index.php\/aboutwinterlut\/","title":{"rendered":"Winterl\u00fct"},"content":{"rendered":"\n<p>Winterl\u00fct est <a href=\"https:\/\/winterlut.com\/category\/souvenirs\/souvenirs-2018\/\" data-type=\"URL\" data-id=\"https:\/\/winterlut.com\/category\/souvenirs\/souvenirs-2018\/\">n\u00e9 en 2018<\/a> de l&rsquo;envie de cr\u00e9er un festival r\u00e9unissant musiques et danses de r\u00e9pertoires r\u00e9gionaux. <br>D\u00e8s le d\u00e9part, un cadre a \u00e9t\u00e9 pos\u00e9: faire une programmation paritaire, proposer des repas v\u00e9ganes, donner une belle part au chant.<\/p>\n\n\n\n<p>Winterl\u00fct a \u00e9t\u00e9 depuis le d\u00e9but port\u00e9 par le collectif des bals sauvages de Strasbourg, l&rsquo;association Chadabask et soutenu par la ville de Strasbourg. Le festival est maintenant port\u00e9 par le collectif des bals sauvages de Strasbourg l&rsquo;association Toccata et Folk.<br>Chaque ann\u00e9e c&rsquo;est plus de 80 b\u00e9n\u00e9voles qui viennent pr\u00eater main forte aux orga, encore merci \u00e0 elleux &lt;3. <br>Pour rejoindre cette ann\u00e9e c&rsquo;est <a href=\"https:\/\/winterlut.com\/devenir-benevole\/\" data-type=\"URL\" data-id=\"https:\/\/winterlut.com\/devenir-benevole\/\">par ici : https:\/\/winterlut.com\/devenir-benevole\/<\/a><\/p>\n\n\n\n<p>L&rsquo;organisation du festival Winterl\u00fct se fait \u00e0 deux \u00e9chelles :<\/p>\n\n\n\n<p>\u2022 un <strong>collectif<\/strong>, ouvert \u00e0 tous&#8230;<br>Vous souhaitez rejoindre le collectif ? Cela ne vous engage \u00e0 rien&#8230;<br>Si ce n&rsquo;est \u00e0 recevoir des invitations \u00e0 des r\u00e9unions ou \u00e0 r\u00e9pondre \u00e0 des questions par courriel<br>> Contactez nous par mail !<\/p>\n\n\n\n<p>\u2022 un <strong>comit\u00e9<\/strong>, qui se r\u00e9unit r\u00e9guli\u00e8rement, et bosse \u00e0 fond tout au long de l&rsquo;ann\u00e9e compos\u00e9 de Manon et Quentin.<\/p>\n\n\n\n<p><\/p>\n\n\n\n<figure class=\"wp-block-gallery has-nested-images columns-default is-cropped wp-block-gallery-1 is-layout-flex wp-block-gallery-is-layout-flex\">\n<figure class=\"wp-block-image size-large\"><img decoding=\"async\" data-id=\"938\" src=\"https:\/\/winterlut.com\/wp-content\/uploads\/2019\/02\/miguel-50-1024x683.jpg\" alt=\"\" class=\"wp-image-938\"\/><\/figure>\n\n\n\n<figure class=\"wp-block-image size-large\"><img decoding=\"async\" data-id=\"939\" src=\"https:\/\/winterlut.com\/wp-content\/uploads\/2019\/02\/miguel-53-1024x683.jpg\" alt=\"\" class=\"wp-image-939\"\/><\/figure>\n\n\n\n<figure class=\"wp-block-image size-large\"><img decoding=\"async\" data-id=\"947\" src=\"https:\/\/winterlut.com\/wp-content\/uploads\/2019\/02\/simon-44-1024x768.jpg\" alt=\"\" class=\"wp-image-947\"\/><\/figure>\n\n\n\n<figure class=\"wp-block-image size-large\"><img decoding=\"async\" data-id=\"940\" src=\"https:\/\/winterlut.com\/wp-content\/uploads\/2019\/02\/miguel-61-1024x683.jpg\" alt=\"\" class=\"wp-image-940\"\/><\/figure>\n\n\n\n<figure class=\"wp-block-image size-large\"><img decoding=\"async\" data-id=\"1284\" src=\"https:\/\/winterlut.com\/wp-content\/uploads\/2019\/07\/logoWinterlut-test-1024x1022.png\" alt=\"\" class=\"wp-image-1284\"\/><\/figure>\n\n\n\n<figure class=\"wp-block-image size-large\"><img decoding=\"async\" data-id=\"945\" src=\"https:\/\/winterlut.com\/wp-content\/uploads\/2019\/02\/simon-35-1024x768.jpg\" alt=\"\" class=\"wp-image-945\"\/><\/figure>\n\n\n\n<figure class=\"wp-block-image size-large\"><img decoding=\"async\" data-id=\"944\" src=\"https:\/\/winterlut.com\/wp-content\/uploads\/2019\/02\/simon-34-1024x768.jpg\" alt=\"\" class=\"wp-image-944\"\/><\/figure>\n\n\n\n<figure class=\"wp-block-image size-large\"><img decoding=\"async\" data-id=\"946\" src=\"https:\/\/winterlut.com\/wp-content\/uploads\/2019\/02\/simon-43-1024x768.jpg\" alt=\"\" class=\"wp-image-946\"\/><\/figure>\n\n\n\n<figure class=\"wp-block-image size-large\"><img decoding=\"async\" data-id=\"942\" src=\"https:\/\/winterlut.com\/wp-content\/uploads\/2019\/02\/miguel-71-683x1024.jpg\" alt=\"\" class=\"wp-image-942\"\/><\/figure>\n\n\n\n<figure class=\"wp-block-image size-large\"><img decoding=\"async\" data-id=\"941\" src=\"https:\/\/winterlut.com\/wp-content\/uploads\/2019\/02\/miguel-65-1024x683.jpg\" alt=\"\" class=\"wp-image-941\"\/><\/figure>\n\n\n\n<figure class=\"wp-block-image size-large\"><img decoding=\"async\" data-id=\"949\" src=\"https:\/\/winterlut.com\/wp-content\/uploads\/2019\/02\/simon-54-1024x768.jpg\" alt=\"\" class=\"wp-image-949\"\/><\/figure>\n\n\n\n<figure class=\"wp-block-image size-large\"><img decoding=\"async\" data-id=\"948\" src=\"https:\/\/winterlut.com\/wp-content\/uploads\/2019\/02\/simon-49-1024x768.jpg\" alt=\"\" class=\"wp-image-948\"\/><\/figure>\n\n\n\n<figure class=\"wp-block-image size-large\"><img decoding=\"async\" data-id=\"960\" src=\"https:\/\/winterlut.com\/wp-content\/uploads\/2019\/06\/diaporama-1024x242.jpg\" alt=\"\" class=\"wp-image-960\"\/><\/figure>\n\n\n\n<figure class=\"wp-block-image size-large\"><img decoding=\"async\" data-id=\"950\" src=\"https:\/\/winterlut.com\/wp-content\/uploads\/2019\/02\/simon2-1-1024x768.jpg\" alt=\"\" class=\"wp-image-950\"\/><\/figure>\n<\/figure>\n","protected":false},"excerpt":{"rendered":"<p>Winterl\u00fct est n\u00e9 en 2018 de l&rsquo;envie de cr\u00e9er un festival r\u00e9unissant musiques et danses de r\u00e9pertoires r\u00e9gionaux. D\u00e8s le d\u00e9part, un cadre a \u00e9t\u00e9 pos\u00e9: faire une programmation paritaire, proposer des repas v\u00e9ganes, donner une belle part au chant. Winterl\u00fct a \u00e9t\u00e9 depuis le d\u00e9but port\u00e9 par le collectif des bals sauvages de Strasbourg, &#8230; <a title=\"Winterl\u00fct\" class=\"read-more\" href=\"https:\/\/winterlut.com\/index.php\/aboutwinterlut\/\" aria-label=\"En savoir plus sur Winterl\u00fct\">Lire la suite<\/a><\/p>\n","protected":false},"author":5,"featured_media":0,"parent":0,"menu_order":0,"comment_status":"closed","ping_status":"closed","template":"","meta":{"footnotes":""},"class_list":["post-1685","page","type-page","status-publish"],"_links":{"self":[{"href":"https:\/\/winterlut.com\/index.php\/wp-json\/wp\/v2\/pages\/1685","targetHints":{"allow":["GET"]}}],"collection":[{"href":"https:\/\/winterlut.com\/index.php\/wp-json\/wp\/v2\/pages"}],"about":[{"href":"https:\/\/winterlut.com\/index.php\/wp-json\/wp\/v2\/types\/page"}],"author":[{"embeddable":true,"href":"https:\/\/winterlut.com\/index.php\/wp-json\/wp\/v2\/users\/5"}],"replies":[{"embeddable":true,"href":"https:\/\/winterlut.com\/index.php\/wp-json\/wp\/v2\/comments?post=1685"}],"version-history":[{"count":1,"href":"https:\/\/winterlut.com\/index.php\/wp-json\/wp\/v2\/pages\/1685\/revisions"}],"predecessor-version":[{"id":3208,"href":"https:\/\/winterlut.com\/index.php\/wp-json\/wp\/v2\/pages\/1685\/revisions\/3208"}],"wp:attachment":[{"href":"https:\/\/winterlut.com\/index.php\/wp-json\/wp\/v2\/media?parent=1685"}],"curies":[{"name":"wp","href":"https:\/\/api.w.org\/{rel}","templated":true}]}}