{"id":121,"date":"2018-05-16T17:05:33","date_gmt":"2018-05-16T15:05:33","guid":{"rendered":"http:\/\/winterlut.com\/?page_id=121"},"modified":"2018-05-16T17:05:33","modified_gmt":"2018-05-16T15:05:33","slug":"prix-libre","status":"publish","type":"page","link":"https:\/\/winterlut.com\/index.php\/prix-libre\/","title":{"rendered":"Prix libre"},"content":{"rendered":"<p><strong><img loading=\"lazy\" decoding=\"async\" class=\"alignnone wp-image-296 size-full\" src=\"https:\/\/winterlut.com\/wp-content\/uploads\/2018\/05\/2344705669_829b4747b4_.jpg\" alt=\"\" width=\"500\" height=\"375\" \/><\/strong><\/p>\n<p>&nbsp;<\/p>\n<p><strong>\u2022 Qu&rsquo;est-ce que le prix libre ?<br \/>\n<\/strong><\/p>\n<p>Le prix libre veut dire que c\u2019est vous qui d\u00e9cidez quel prix vous allez payer !<\/p>\n<p>&nbsp;<\/p>\n<p>\u2022 <strong>Pourquoi le prix libre ?<\/strong><\/p>\n<p>Le festival se veut ouvert \u00e0 vous toutes et \u00e0 tous, quels que soient les moyens de chacun.<br \/>\nLe prix fixe peut \u00eatre un facteur d\u2019exclusion, tandis que le prix libre permet d\u2019\u00eatre plus inclusif.<\/p>\n<p>&nbsp;<\/p>\n<p><strong>\u2022 Pense-t-on arriver \u00e0 gagner assez pour le festival ?<\/strong><\/p>\n<p>L\u2019id\u00e9e c\u2019est que si le festival vous pla\u00eet, et que vous voulez vivre\u00a0d\u2019autres moments de partage autour des danses et de la musique folk\/trad, c\u2019est dans votre int\u00e9r\u00eat de faire perdurer Winterl\u00fct ou ce type d\u2019initiative !<\/p>\n<p>Pour \u00e7a il y a deux moyens :<br \/>\n\u2013 participer \u00e0 l\u2019\u00e9v\u00e9nement en l\u2019organisant ou en donnant du temps de b\u00e9n\u00e9volat<br \/>\n\u2013 participer en payant un prix juste, selon vos moyens.<\/p>\n<p>Nous faisons confiance \u00e0 notre public pour \u00e9quilibrer leurs d\u00e9penses et arriver \u00e0 un prix moyen qui soit juste pour tous !<\/p>\n<p>&nbsp;<\/p>\n<p>\u2022 <strong>Alors combien \u00e7a co\u00fbte un festival comme Winterl\u00fct ?<\/strong><\/p>\n<p>En pr\u00e9visions, le festival d\u00e9pense pr\u00e8s de 11 500 \u20ac pour vous accueillir.<\/p>\n<p>Nous avons pr\u00e9vu que les stages nous rapportent pr\u00e8s de 6000 \u20ac,<br \/>\net nous pouvons d\u00e9j\u00e0 compter sur 150 \u20ac de pr\u00e9financement.<br \/>\nNous devrons alors donc r\u00e9colter 5350 \u20ac pendant les trois soir\u00e9es pour que le festival soit financ\u00e9 \u00e0 l\u2019\u00e9quilibre&#8230;<\/p>\n<p>&nbsp;<\/p>\n<p>\u2022 <strong>Le prix moyen pour arriver \u00e0 l\u2019\u00e9quilibre doit \u00eatre \u00e0 combien ?<\/strong><\/p>\n<p>Le prix moyen varie selon la fr\u00e9quentation :<\/p>\n<p>300 entr\u00e9es &gt;&gt; 18 \u20ac par entr\u00e9e<br \/>\n500 entr\u00e9es &gt;&gt; 11 \u20ac par entr\u00e9e<br \/>\n800 entr\u00e9es &gt;&gt; 7 \u20ac par entr\u00e9e<br \/>\n1000 entr\u00e9es &gt;&gt; 5 \u20ac par entr\u00e9e<\/p>\n<p>Nous conseillons souvent un prix \u00e0 partir de 10\u20ac.<\/p>\n<p>&nbsp;<\/p>\n<p><strong>\u2022 Quelles sont les informations sur place ?<\/strong><\/p>\n<p>\u00c0 l\u2019entr\u00e9e des soir\u00e9es, il y a toujours un tableau r\u00e9capitulatif du budget, et des b\u00e9n\u00e9voles pr\u00eat-e-s \u00e0 discuter du prix libre.<br \/>\nChaque soirs, nous faisons des estimations en temps r\u00e9el du nombre exacte de participant-e-s et du budget.<br \/>\nEn milieu de programmation, nous vous pr\u00e9sentons l\u2019avanc\u00e9 du financement,<br \/>\nce qui permet \u00e0 ceux qui le peuvent de rajouter \u00e0 ce moment-l\u00e0 la somme qu\u2019ils veulent pour combler le manque,<br \/>\nou bien \u00e0 tous de se r\u00e9jouir d\u2019avoir r\u00e9ussi \u00e0 financer le festival.<\/p>\n<p>&nbsp;<\/p>\n<p><strong>\u2022 Donc combien payer par soir ?<\/strong><\/p>\n<p>Chacun paye selon ses moyens.<br \/>\nVous payez ce que vous voulez en connaissance de cause !<\/p>\n","protected":false},"excerpt":{"rendered":"<p>&nbsp; \u2022 Qu&rsquo;est-ce que le prix libre ? Le prix libre veut dire que c\u2019est vous qui d\u00e9cidez quel prix vous allez payer ! &nbsp; \u2022 Pourquoi le prix libre ? Le festival se veut ouvert \u00e0 vous toutes et \u00e0 tous, quels que soient les moyens de chacun. Le prix fixe peut \u00eatre un &#8230; <a title=\"Prix libre\" class=\"read-more\" href=\"https:\/\/winterlut.com\/index.php\/prix-libre\/\" aria-label=\"En savoir plus sur Prix libre\">Lire la suite<\/a><\/p>\n","protected":false},"author":1,"featured_media":0,"parent":0,"menu_order":0,"comment_status":"closed","ping_status":"closed","template":"","meta":{"footnotes":""},"class_list":["post-121","page","type-page","status-publish"],"_links":{"self":[{"href":"https:\/\/winterlut.com\/index.php\/wp-json\/wp\/v2\/pages\/121","targetHints":{"allow":["GET"]}}],"collection":[{"href":"https:\/\/winterlut.com\/index.php\/wp-json\/wp\/v2\/pages"}],"about":[{"href":"https:\/\/winterlut.com\/index.php\/wp-json\/wp\/v2\/types\/page"}],"author":[{"embeddable":true,"href":"https:\/\/winterlut.com\/index.php\/wp-json\/wp\/v2\/users\/1"}],"replies":[{"embeddable":true,"href":"https:\/\/winterlut.com\/index.php\/wp-json\/wp\/v2\/comments?post=121"}],"version-history":[{"count":0,"href":"https:\/\/winterlut.com\/index.php\/wp-json\/wp\/v2\/pages\/121\/revisions"}],"wp:attachment":[{"href":"https:\/\/winterlut.com\/index.php\/wp-json\/wp\/v2\/media?parent=121"}],"curies":[{"name":"wp","href":"https:\/\/api.w.org\/{rel}","templated":true}]}}