{"id":119,"date":"2018-05-16T17:04:32","date_gmt":"2018-05-16T15:04:32","guid":{"rendered":"http:\/\/winterlut.com\/?page_id=119"},"modified":"2018-05-16T17:04:32","modified_gmt":"2018-05-16T15:04:32","slug":"devenir-benevole","status":"publish","type":"page","link":"https:\/\/winterlut.com\/index.php\/devenir-benevole\/","title":{"rendered":"Devenir b\u00e9n\u00e9vole"},"content":{"rendered":"\n<p>L&rsquo;\u00e9quipe b\u00e9n\u00e9vole Winterl\u00fct est compl\u00e8te ! Si tu veux aider ce sera possible de te proposer pendant le festival.<\/p>\n\n\n\n<figure class=\"wp-block-image size-full is-resized\"><img decoding=\"async\" src=\"https:\/\/winterlut.com\/wp-content\/uploads\/2023\/02\/istockphoto-1347995022-612x612-1.jpg\" alt=\"\" class=\"wp-image-2496\" style=\"width:368px;height:245px\"\/><\/figure>\n","protected":false},"excerpt":{"rendered":"<p>L&rsquo;\u00e9quipe b\u00e9n\u00e9vole Winterl\u00fct est compl\u00e8te ! Si tu veux aider ce sera possible de te proposer pendant le festival.<\/p>\n","protected":false},"author":1,"featured_media":0,"parent":0,"menu_order":0,"comment_status":"closed","ping_status":"closed","template":"","meta":{"footnotes":""},"class_list":["post-119","page","type-page","status-publish"],"_links":{"self":[{"href":"https:\/\/winterlut.com\/index.php\/wp-json\/wp\/v2\/pages\/119","targetHints":{"allow":["GET"]}}],"collection":[{"href":"https:\/\/winterlut.com\/index.php\/wp-json\/wp\/v2\/pages"}],"about":[{"href":"https:\/\/winterlut.com\/index.php\/wp-json\/wp\/v2\/types\/page"}],"author":[{"embeddable":true,"href":"https:\/\/winterlut.com\/index.php\/wp-json\/wp\/v2\/users\/1"}],"replies":[{"embeddable":true,"href":"https:\/\/winterlut.com\/index.php\/wp-json\/wp\/v2\/comments?post=119"}],"version-history":[{"count":0,"href":"https:\/\/winterlut.com\/index.php\/wp-json\/wp\/v2\/pages\/119\/revisions"}],"wp:attachment":[{"href":"https:\/\/winterlut.com\/index.php\/wp-json\/wp\/v2\/media?parent=119"}],"curies":[{"name":"wp","href":"https:\/\/api.w.org\/{rel}","templated":true}]}}