{"id":117,"date":"2018-05-16T17:04:12","date_gmt":"2018-05-16T15:04:12","guid":{"rendered":"http:\/\/winterlut.com\/?page_id=117"},"modified":"2018-05-16T17:04:12","modified_gmt":"2018-05-16T15:04:12","slug":"sinscrire","status":"publish","type":"page","link":"https:\/\/winterlut.com\/index.php\/sinscrire\/","title":{"rendered":"S&rsquo;INSCRIRE"},"content":{"rendered":"\n<p>Billetterie sur place :<\/p>\n\n\n\n<ul class=\"wp-block-list\">\n<li>Bals\/ Concerts : prix libre<\/li>\n\n\n\n<li>Stages : 20 \u20ac<\/li>\n<\/ul>\n\n\n\n<p>Nous proposerons un tarif solidaire (-20%) pour toutes les personnes qui estiment en avoir besoin.<br>Dans le m\u00eame esprit que le <a href=\"https:\/\/winterlut.com\/?page_id=121\">prix libre<\/a>, nous vous laisserons d\u00e9cider si vous souhaitez en b\u00e9n\u00e9ficier ou pas.<br>Vous n&rsquo;aurez \u00e0 aucun moment \u00e0 vous justifier de votre choix.<\/p>\n","protected":false},"excerpt":{"rendered":"<p>Billetterie sur place : Nous proposerons un tarif solidaire (-20%) pour toutes les personnes qui estiment en avoir besoin.Dans le m\u00eame esprit que le prix libre, nous vous laisserons d\u00e9cider si vous souhaitez en b\u00e9n\u00e9ficier ou pas.Vous n&rsquo;aurez \u00e0 aucun moment \u00e0 vous justifier de votre choix.<\/p>\n","protected":false},"author":1,"featured_media":0,"parent":0,"menu_order":0,"comment_status":"closed","ping_status":"closed","template":"","meta":{"footnotes":""},"class_list":["post-117","page","type-page","status-publish"],"_links":{"self":[{"href":"https:\/\/winterlut.com\/index.php\/wp-json\/wp\/v2\/pages\/117","targetHints":{"allow":["GET"]}}],"collection":[{"href":"https:\/\/winterlut.com\/index.php\/wp-json\/wp\/v2\/pages"}],"about":[{"href":"https:\/\/winterlut.com\/index.php\/wp-json\/wp\/v2\/types\/page"}],"author":[{"embeddable":true,"href":"https:\/\/winterlut.com\/index.php\/wp-json\/wp\/v2\/users\/1"}],"replies":[{"embeddable":true,"href":"https:\/\/winterlut.com\/index.php\/wp-json\/wp\/v2\/comments?post=117"}],"version-history":[{"count":0,"href":"https:\/\/winterlut.com\/index.php\/wp-json\/wp\/v2\/pages\/117\/revisions"}],"wp:attachment":[{"href":"https:\/\/winterlut.com\/index.php\/wp-json\/wp\/v2\/media?parent=117"}],"curies":[{"name":"wp","href":"https:\/\/api.w.org\/{rel}","templated":true}]}}